{"id":28,"date":"2025-12-23T17:41:22","date_gmt":"2025-12-23T16:41:22","guid":{"rendered":"http:\/\/www.sobotkovi2026.cz\/?page_id=28"},"modified":"2026-02-26T21:10:24","modified_gmt":"2026-02-26T20:10:24","slug":"domu","status":"publish","type":"page","link":"https:\/\/www.sobotkovi2026.cz\/","title":{"rendered":"Dom\u016f"},"content":{"rendered":"\n<div class=\"wp-block-cover alignfull is-light\" style=\"min-height:734px;aspect-ratio:unset;\"><img loading=\"lazy\" decoding=\"async\" width=\"683\" height=\"1024\" class=\"wp-block-cover__image-background wp-image-105 size-large\" alt=\"\" src=\"https:\/\/www.sobotkovi2026.cz\/wp-content\/uploads\/2026\/01\/PW9A4771-683x1024.jpg\" style=\"object-position:47% 40%\" data-object-fit=\"cover\" data-object-position=\"47% 40%\" srcset=\"https:\/\/www.sobotkovi2026.cz\/wp-content\/uploads\/2026\/01\/PW9A4771-683x1024.jpg 683w, https:\/\/www.sobotkovi2026.cz\/wp-content\/uploads\/2026\/01\/PW9A4771-200x300.jpg 200w, https:\/\/www.sobotkovi2026.cz\/wp-content\/uploads\/2026\/01\/PW9A4771-768x1152.jpg 768w, https:\/\/www.sobotkovi2026.cz\/wp-content\/uploads\/2026\/01\/PW9A4771-1024x1536.jpg 1024w, https:\/\/www.sobotkovi2026.cz\/wp-content\/uploads\/2026\/01\/PW9A4771-1365x2048.jpg 1365w, https:\/\/www.sobotkovi2026.cz\/wp-content\/uploads\/2026\/01\/PW9A4771-scaled.jpg 1707w\" sizes=\"auto, (max-width: 683px) 100vw, 683px\" \/><span aria-hidden=\"true\" class=\"wp-block-cover__background has-background-dim-30 has-background-dim\" style=\"background-color:#b0b8bb\"><\/span><div class=\"wp-block-cover__inner-container is-layout-constrained wp-block-cover-is-layout-constrained\">\n<h1 class=\"wp-block-heading has-ast-global-color-8-color has-text-color has-link-color wp-elements-9c733e7c64d91d0c0bd21e4c3ef3bddb\" style=\"font-size:58px\">Magdalena a&nbsp;Ji\u0159\u00ed<\/h1>\n\n\n\n<p class=\"has-medium-font-size\"><em>Budeme se br\u00e1t!<\/em><\/p>\n\n\n\n<div style=\"height:669px\" aria-hidden=\"true\" class=\"wp-block-spacer\"><\/div>\n<\/div><\/div>\n\n\n\n<div style=\"height:50px\" aria-hidden=\"true\" class=\"wp-block-spacer\"><\/div>\n\n\n\n<div class=\"wp-block-essential-blocks-countdown  root-eb-countdown-ahb92\"><div class=\"eb-parent-wrapper eb-parent-eb-countdown-ahb92 \"><div class=\"eb-countdown-ahb92 eb-cd-wrapper preset7\"><div class=\"eb-cd-inner\" blockid=\"eb-countdown-ahb92\" data-deadline-time=\"1783074600000\" data-is-evergreen-time=\"false\" data-evergreen-time-hours=\"11\" data-evergreen-time-minutes=\"59\" data-evergreen-recurring=\"false\" data-evergreen-restart-time=\"0\" data-evergreen-deadline-time=\"1710924504172\"><div class=\"box cd-box-day\"><span class=\"eb-cd-digit\">00<\/span><span class=\"eb-cd-label\">Dny<\/span><\/div><div class=\"box cd-box-hour\"><span class=\"eb-cd-digit\">00<\/span><span class=\"eb-cd-label\">Hodiny<\/span><\/div><div class=\"box cd-box-minute\"><span class=\"eb-cd-digit\">00<\/span><span class=\"eb-cd-label\">Minuty<\/span><\/div><div class=\"box cd-box-second\"><span class=\"eb-cd-digit\">00<\/span><span class=\"eb-cd-label\">Sekundy<\/span><\/div><\/div><\/div><\/div><\/div>\n\n\n\n<div style=\"height:50px\" aria-hidden=\"true\" class=\"wp-block-spacer\"><\/div>\n\n\n\n<div class=\"wp-block-columns has-ast-global-color-3-color has-ast-global-color-0-background-color has-text-color has-background is-layout-flex wp-container-core-columns-is-layout-56050deb wp-block-columns-is-layout-flex\" style=\"border-style:none;border-width:0px;border-top-left-radius:0px;border-top-right-radius:0px;border-bottom-left-radius:0px;border-bottom-right-radius:0px;margin-top:0;margin-bottom:0;padding-top:var(--wp--preset--spacing--40);padding-bottom:var(--wp--preset--spacing--40)\">\n<div class=\"wp-block-column is-layout-flow wp-block-column-is-layout-flow\">\n<h3 class=\"wp-block-heading has-text-align-center has-ast-global-color-3-color has-text-color has-link-color wp-elements-992b261ec32d986431d3d71910d70869\">Datum<\/h3>\n\n\n\n<p class=\"has-text-align-center has-ast-global-color-3-color has-text-color has-link-color wp-elements-3d9f06ded023b098f50b6e1a7b240137\">P\u00e1tek 3. \u010dervence 2026<\/p>\n<\/div>\n\n\n\n<div class=\"wp-block-column is-layout-flow wp-block-column-is-layout-flow\">\n<h3 class=\"wp-block-heading has-text-align-center has-ast-global-color-3-color has-text-color has-link-color wp-elements-b81f3cbfb13e35fb09c1977b9aa473f4\">M\u00edsto<\/h3>\n\n\n\n<p class=\"has-text-align-center\">Cel\u00fd svatebn\u00ed den v\u010detn\u011b ob\u0159adu<br>a hostiny prob\u011bhne v are\u00e1lu Na Km\u00edn\u011b<br>v obci Ob\u0159\u00edstv\u00ed.<\/p>\n<\/div>\n\n\n\n<div class=\"wp-block-column is-layout-flow wp-block-column-is-layout-flow\">\n<h3 class=\"wp-block-heading has-text-align-center has-ast-global-color-3-color has-text-color has-link-color wp-elements-fdab436e5e27e1266801838d094a0a12\">Program<\/h3>\n\n\n\n<p class=\"has-text-align-center\">11:30 &#8211; p\u0159\u00edjezd host\u016f<br>12:30 &#8211; svatebn\u00ed ob\u0159ad<br>od 14:00 &#8211; hostina, hry a dal\u0161\u00ed z\u00e1bava<\/p>\n<\/div>\n<\/div>\n\n\n\n<div style=\"height:50px\" aria-hidden=\"true\" class=\"wp-block-spacer\"><\/div>\n\n\n\n<h1 class=\"wp-block-heading has-ast-global-color-3-color has-text-color has-link-color wp-elements-16822a0b09086deb942800eea37960ad\">Dal\u0161\u00ed informace<\/h1>\n\n\n\n<div style=\"height:20px\" aria-hidden=\"true\" class=\"wp-block-spacer\"><\/div>\n\n\n\n<div class=\"wp-block-columns has-ast-global-color-3-color has-ast-global-color-0-background-color has-text-color has-background has-link-color wp-elements-8e8c545dce225f740201ac86e3720ea4 is-layout-flex wp-container-core-columns-is-layout-28f84493 wp-block-columns-is-layout-flex\">\n<div class=\"wp-block-column is-layout-flow wp-block-column-is-layout-flow\">\n<h2 class=\"wp-block-heading has-ast-global-color-8-color has-text-color has-link-color wp-elements-026d3b2f8f14668f780619e8e00cd768\">Doprava<\/h2>\n\n\n\n<p>M\u00edsto, kter\u00e9 jsme si vybrali jako to prav\u00e9 pro n\u00e1\u0161 svatebn\u00ed den, se nach\u00e1z\u00ed v obci Ob\u0159\u00edstv\u00ed na M\u011blnicku. Naleznete jej adrese:<\/p>\n\n\n\n<p class=\"has-text-align-center\">Penzion Na Km\u00edn\u011b<br>Bed\u0159icha Smetany 24<br>277 42 Ob\u0159\u00edstv\u00ed<\/p>\n\n\n\n<p>Nejsn\u00e1ze se za n\u00e1mi dostanete autem, resort se nach\u00e1z\u00ed 20 minut j\u00edzdy na sever od Prahy. Parkov\u00e1n\u00ed na m\u00edst\u011b nen\u00ed nijak omezen\u00e9. Alternativou m\u016f\u017ee b\u00fdt vyu\u017eit\u00ed autobusu \u010d\u00edslo 348, kter\u00fd odj\u00ed\u017ed\u00ed pravideln\u011b v hodinov\u00fdch intervalech ze stanice L\u00e1dv\u00ed. Cesta na zast\u00e1vku Ob\u0159\u00edstv\u00ed trv\u00e1 45 minut, z n\u00ed se pak na m\u00edsto dostanete p\u011btiminutovou proch\u00e1zkou.<\/p>\n<\/div>\n<\/div>\n\n\n\n<div style=\"height:20px\" aria-hidden=\"true\" class=\"wp-block-spacer\"><\/div>\n\n\n\n<div class=\"wp-block-columns has-ast-global-color-3-color has-ast-global-color-0-background-color has-text-color has-background has-link-color wp-elements-6b80f6ad594860958179649c3b2c8a05 is-layout-flex wp-container-core-columns-is-layout-28f84493 wp-block-columns-is-layout-flex\">\n<div class=\"wp-block-column is-layout-flow wp-block-column-is-layout-flow\">\n<h2 class=\"wp-block-heading has-ast-global-color-8-color has-text-color has-link-color wp-elements-247c80fc85ea4c8111fe69a871d62dbf\">Ubytov\u00e1n\u00ed<\/h2>\n\n\n\n<p>Budeme moc r\u00e1di, kdy\u017e s n\u00e1mi naplno pro\u017eijete cel\u00fd den i noc. P\u0159\u00edmo v m\u00edst\u011b kon\u00e1n\u00ed svatby je zaji\u0161t\u011bno ubytov\u00e1n\u00ed. Jeliko\u017e je kapacita pokoj\u016f omezen\u00e1, jsou pokoje ur\u010deny p\u0159edev\u0161\u00edm pro rodinu a na\u0161e nejbli\u017e\u0161\u00ed. Pro ostatn\u00ed hosty bude p\u0159ipravena spole\u010dn\u00e1 m\u00edstnost.<\/p>\n\n\n\n<p>N\u00e1sleduj\u00edc\u00ed r\u00e1no si spole\u010dn\u011b u\u017eijeme brunch, kter\u00fd pro n\u00e1s bude nachyst\u00e1n formou bufetu. Na sv\u00e9 si d\u00edky bohat\u00e9mu v\u00fdb\u011bru p\u0159ijde ka\u017ed\u00fd &#8211; p\u0159ipraveny budou tepl\u00e9 i studen\u00e9 pokrmy, ovoce a zelenina, dom\u00e1c\u00ed pomaz\u00e1nky i buchty.<\/p>\n<\/div>\n<\/div>\n\n\n\n<div style=\"height:20px\" aria-hidden=\"true\" class=\"wp-block-spacer\"><\/div>\n\n\n\n<div class=\"wp-block-columns has-ast-global-color-3-color has-ast-global-color-0-background-color has-text-color has-background has-link-color wp-elements-d862dfefd62aab840f21bfc42574f4b8 is-layout-flex wp-container-core-columns-is-layout-28f84493 wp-block-columns-is-layout-flex\">\n<div class=\"wp-block-column is-layout-flow wp-block-column-is-layout-flow\">\n<h2 class=\"wp-block-heading has-ast-global-color-8-color has-text-color has-link-color wp-elements-8c947e56b5cadbf657c67e568860a11e\"><div aria-hidden=\"true\" class=\"wp-block-spacer\" style=\"caret-color: rgb(0, 0, 0); color: rgb(0, 0, 0); font-weight: 400; white-space: normal; height: 20px;\"><\/div>Dress code<\/h2>\n\n\n\n<p>Na\u0161e svatba se ponese v duchu pastelov\u00fdch barev a slavnostn\u00ed elegance, zejm\u00e9na z d\u016fvodu ob\u0159adu v kostele a v\u00fdjime\u010dn\u00e9, slavnostn\u00ed povahy cel\u00e9ho m\u00edsta.&nbsp;Pot\u011b\u0161\u00ed n\u00e1s p\u00e1nov\u00e9 ve spole\u010densk\u00e9m obleku, ide\u00e1ln\u011b v tmav\u00fdch t\u00f3nech, a d\u00e1my v \u0161atech pastelov\u00e9 barvy a v d\u00e9lce alespo\u0148 do p\u016flky l\u00fdtek.<\/p>\n\n\n\n<p>Pro inspiraci p\u0159ikl\u00e1d\u00e1me barevnou paletu.<\/p>\n\n\n\n<figure class=\"wp-block-image aligncenter size-large is-resized\"><img loading=\"lazy\" decoding=\"async\" width=\"1024\" height=\"261\" src=\"https:\/\/www.sobotkovi2026.cz\/wp-content\/uploads\/2026\/01\/ChatGPT-Image-10.-1.-2026-12_54_49-1-1024x261.png\" alt=\"\" class=\"wp-image-67\" style=\"aspect-ratio:3.9234330038783938;width:667px;height:auto\" srcset=\"https:\/\/www.sobotkovi2026.cz\/wp-content\/uploads\/2026\/01\/ChatGPT-Image-10.-1.-2026-12_54_49-1-1024x261.png 1024w, https:\/\/www.sobotkovi2026.cz\/wp-content\/uploads\/2026\/01\/ChatGPT-Image-10.-1.-2026-12_54_49-1-300x77.png 300w, https:\/\/www.sobotkovi2026.cz\/wp-content\/uploads\/2026\/01\/ChatGPT-Image-10.-1.-2026-12_54_49-1-768x196.png 768w, https:\/\/www.sobotkovi2026.cz\/wp-content\/uploads\/2026\/01\/ChatGPT-Image-10.-1.-2026-12_54_49-1.png 1517w\" sizes=\"auto, (max-width: 1024px) 100vw, 1024px\" \/><\/figure>\n\n\n\n<p>Sou\u010dasn\u011b v\u00e1s pros\u00edme o n\u00e1sledn\u00e9 nep\u0159evl\u00e9k\u00e1n\u00ed do neform\u00e1ln\u00edho oble\u010den\u00ed, alespo\u0148 do ve\u010dern\u00edch hodin.<\/p>\n<\/div>\n<\/div>\n\n\n\n<div style=\"height:20px\" aria-hidden=\"true\" class=\"wp-block-spacer\"><\/div>\n\n\n\n<div class=\"wp-block-columns has-ast-global-color-3-color has-ast-global-color-0-background-color has-text-color has-background has-link-color wp-elements-3b5b1f5277d426b54ae47d6697e5a8d0 is-layout-flex wp-container-core-columns-is-layout-28f84493 wp-block-columns-is-layout-flex\">\n<div class=\"wp-block-column is-layout-flow wp-block-column-is-layout-flow\">\n<h2 class=\"wp-block-heading has-ast-global-color-8-color has-text-color has-link-color wp-elements-67238d3b802ebd99d2824fe22337f772\"><div aria-hidden=\"true\" class=\"wp-block-spacer\" style=\"caret-color: rgb(0, 0, 0); color: rgb(0, 0, 0); font-weight: 400; white-space: normal; height: 20px;\"><\/div>Dal\u0161\u00ed podrobnosti<\/h2>\n\n\n\n<p>Pros\u00edme, b\u011bhem ob\u0159adu nefo\u0165te ani nenat\u00e1\u010dejte, jenom si u\u017e\u00edvejte a bu\u010fte pln\u011b s n\u00e1mi. Fotky s v\u00e1mi n\u00e1sledn\u011b budeme r\u00e1di sd\u00edlet. Sou\u010dasn\u011b v\u00e1s pros\u00edme o nezve\u0159ej\u0148ov\u00e1n\u00ed fotek a vide\u00ed z cel\u00e9 akce d\u0159\u00edve, ne\u017e to ud\u011bl\u00e1me my sami. D\u011bkujeme!<\/p>\n\n\n\n<p>Ji\u017e te\u010f se m\u016f\u017eete t\u011b\u0161it na proseccovan s \u0161irokou nab\u00eddkou limon\u00e1d, drink\u016f i frozen prosecca, k\u00e1vov\u00fd catering od Coffee Makers, sweet bar s dobrotami od Sladk\u00e9 d\u00edlny nebo na chill z\u00f3nu, kdybyste si n\u00e1hodou cht\u011bli na chvilku odpo\u010dinout.<\/p>\n\n\n\n<p>Pokud byste n\u00e1s cht\u011bli obdarovat, nejv\u00edce n\u00e1s pot\u011b\u0161\u00ed finan\u010dn\u00ed p\u0159\u00edsp\u011bvek na spole\u010dn\u00e9 z\u00e1\u017eitky. Vyu\u017eili bychom jej p\u0159edev\u0161\u00edm na svatebn\u00ed cestu do Vietnamu, kde se chyst\u00e1me u\u017e\u00edt si prvn\u00ed spole\u010dn\u00e9 dny jako man\u017eel\u00e9.<\/p>\n<\/div>\n<\/div>\n\n\n\n<div style=\"height:20px\" aria-hidden=\"true\" class=\"wp-block-spacer\"><\/div>\n\n\n\n<div class=\"wp-block-columns has-ast-global-color-3-color has-ast-global-color-0-background-color has-text-color has-background has-link-color wp-elements-b62832bc0c5225277c9a150415d8b0d3 is-layout-flex wp-container-core-columns-is-layout-28f84493 wp-block-columns-is-layout-flex\">\n<div class=\"wp-block-column is-layout-flow wp-block-column-is-layout-flow\">\n<h2 class=\"wp-block-heading has-ast-global-color-8-color has-text-color has-link-color wp-elements-e11b1871fc6b5ea2b8ce922778872c4a\"><div aria-hidden=\"true\" class=\"wp-block-spacer\" style=\"caret-color: rgb(0, 0, 0); color: rgb(0, 0, 0); font-weight: 400; white-space: normal; height: 20px;\"><\/div>Potvrzen\u00ed \u00fa\u010dasti<\/h2>\n\n\n\n<p>Budeme moc r\u00e1di, kdy\u017e n\u00e1m d\u00e1te v\u011bd\u011bt, zd\u00e1 m\u016f\u017eeme po\u010d\u00edtat s Va\u0161\u00ed \u00fa\u010dast\u00ed. Pros\u00edme o vypln\u011bn\u00ed kr\u00e1tk\u00e9ho formul\u00e1\u0159e, kter\u00fd n\u00e1m pom\u016f\u017ee s p\u0159ipravami a organizac\u00ed svatebn\u00edho dne. Po kliknut\u00ed na tla\u010d\u00edtko n\u00ed\u017ee budete p\u0159esm\u011brov\u00e1n\u00ed na dotazn\u00edk vytvo\u0159en\u00fd pomoc\u00ed Google Forms.<\/p>\n\n\n\n<div class=\"wp-block-buttons is-content-justification-center is-layout-flex wp-container-core-buttons-is-layout-a89b3969 wp-block-buttons-is-layout-flex\">\n<div class=\"wp-block-button\"><a class=\"wp-block-button__link has-ast-global-color-8-color has-ast-global-color-5-background-color has-text-color has-background has-link-color wp-element-button\" href=\"https:\/\/docs.google.com\/forms\/d\/e\/1FAIpQLSdshE-Hne_EzA4IHMje0N-6FvNkjOQ-y1oq_jxb2XO-mhQAPg\/viewform?usp=dialog\">Vyplnit RSVP formul\u00e1\u0159<\/a><\/div>\n<\/div>\n\n\n\n<p>D\u011bkujeme a t\u011b\u0161\u00edme se na V\u00e1s! \ud83e\udd0d<\/p>\n<\/div>\n<\/div>\n\n\n\n<div class=\"wp-block-group is-layout-constrained wp-container-core-group-is-layout-c9115f92 wp-block-group-is-layout-constrained\" style=\"padding-right:var(--wp--preset--spacing--20);padding-left:var(--wp--preset--spacing--20)\"><div class=\"n2_clear\"><ss3-force-full-width data-overflow-x=\"body\" data-horizontal-selector=\"body\"><div class=\"n2-section-smartslider fitvidsignore  n2_clear\" data-ssid=\"2\"><div id=\"n2-ss-2-align\" class=\"n2-ss-align\"><div class=\"n2-padding\"><div id=\"n2-ss-2\" data-creator=\"Smart Slider 3\" data-responsive=\"fullwidth\" class=\"n2-ss-slider n2-ow n2-has-hover n2notransition  \"><div class=\"n2-ss-slider-wrapper-inside\">\n        <div class=\"n2-ss-slider-1 n2_ss__touch_element n2-ow\">\n            <div class=\"n2-ss-slider-2 n2-ow\">\n                                                <div class=\"n2-ss-slider-3 n2-ow\">\n\n                    <div class=\"n2-ss-slide-backgrounds n2-ow-all\"><div class=\"n2-ss-slide-background\" data-public-id=\"1\" data-mode=\"fill\" aria-hidden=\"true\"><div class=\"n2-ss-slide-background-image\" data-blur=\"0\" data-opacity=\"100\" data-x=\"48\" data-y=\"56\" data-alt=\"\" data-title=\"\" style=\"--ss-o-pos-x:48%;--ss-o-pos-y:56%\"><picture class=\"skip-lazy\" data-skip-lazy=\"1\"><img decoding=\"async\" src=\"\/\/www.sobotkovi2026.cz\/wp-content\/uploads\/2026\/01\/PW9A4909-scaled.jpg\" alt=\"\" title=\"\" loading=\"lazy\" class=\"skip-lazy\" data-skip-lazy=\"1\"><\/picture><\/div><div data-color=\"RGBA(255,255,255,0)\" style=\"background-color: RGBA(255,255,255,0);\" class=\"n2-ss-slide-background-color\"><\/div><\/div><div class=\"n2-ss-slide-background\" data-public-id=\"2\" data-mode=\"fill\" aria-hidden=\"true\"><div class=\"n2-ss-slide-background-image\" data-blur=\"0\" data-opacity=\"100\" data-x=\"53\" data-y=\"56\" data-alt=\"\" data-title=\"\" style=\"--ss-o-pos-x:53%;--ss-o-pos-y:56%\"><picture class=\"skip-lazy\" data-skip-lazy=\"1\"><img decoding=\"async\" src=\"\/\/www.sobotkovi2026.cz\/wp-content\/uploads\/2026\/01\/PW9A4868-scaled.jpg\" alt=\"\" title=\"\" loading=\"lazy\" class=\"skip-lazy\" data-skip-lazy=\"1\"><\/picture><\/div><div data-color=\"RGBA(255,255,255,0)\" style=\"background-color: RGBA(255,255,255,0);\" class=\"n2-ss-slide-background-color\"><\/div><\/div><div class=\"n2-ss-slide-background\" data-public-id=\"3\" data-mode=\"fill\"><div class=\"n2-ss-slide-background-image\" data-blur=\"0\" data-opacity=\"100\" data-x=\"43\" data-y=\"67\" data-alt=\"\" data-title=\"\" style=\"--ss-o-pos-x:43%;--ss-o-pos-y:67%\"><picture class=\"skip-lazy\" data-skip-lazy=\"1\"><img decoding=\"async\" src=\"\/\/www.sobotkovi2026.cz\/wp-content\/uploads\/2026\/01\/PW9A4796-scaled.jpg\" alt=\"\" title=\"\" loading=\"lazy\" class=\"skip-lazy\" data-skip-lazy=\"1\"><\/picture><\/div><div data-color=\"RGBA(255,255,255,0)\" style=\"background-color: RGBA(255,255,255,0);\" class=\"n2-ss-slide-background-color\"><\/div><\/div><div class=\"n2-ss-slide-background\" data-public-id=\"4\" data-mode=\"fill\" aria-hidden=\"true\"><div class=\"n2-ss-slide-background-image\" data-blur=\"0\" data-opacity=\"100\" data-x=\"47\" data-y=\"41\" data-alt=\"\" data-title=\"\" style=\"--ss-o-pos-x:47%;--ss-o-pos-y:41%\"><picture class=\"skip-lazy\" data-skip-lazy=\"1\"><img decoding=\"async\" src=\"\/\/www.sobotkovi2026.cz\/wp-content\/uploads\/2026\/01\/PW9A4787-scaled.jpg\" alt=\"\" title=\"\" loading=\"lazy\" class=\"skip-lazy\" data-skip-lazy=\"1\"><\/picture><\/div><div data-color=\"RGBA(255,255,255,0)\" style=\"background-color: RGBA(255,255,255,0);\" class=\"n2-ss-slide-background-color\"><\/div><\/div><div class=\"n2-ss-slide-background\" data-public-id=\"5\" data-mode=\"fill\" aria-hidden=\"true\"><div class=\"n2-ss-slide-background-image\" data-blur=\"0\" data-opacity=\"100\" data-x=\"47\" data-y=\"25\" data-alt=\"\" data-title=\"\" style=\"--ss-o-pos-x:47%;--ss-o-pos-y:25%\"><picture class=\"skip-lazy\" data-skip-lazy=\"1\"><img decoding=\"async\" src=\"\/\/www.sobotkovi2026.cz\/wp-content\/uploads\/2026\/01\/PW9A4603-scaled.jpg\" alt=\"\" title=\"\" loading=\"lazy\" class=\"skip-lazy\" data-skip-lazy=\"1\"><\/picture><\/div><div data-color=\"RGBA(255,255,255,0)\" style=\"background-color: RGBA(255,255,255,0);\" class=\"n2-ss-slide-background-color\"><\/div><\/div><\/div>                    <div class=\"n2-ss-slider-4 n2-ow\">\n                        <svg xmlns=\"http:\/\/www.w3.org\/2000\/svg\" viewBox=\"0 0 1200 800\" data-related-device=\"desktopPortrait\" class=\"n2-ow n2-ss-preserve-size n2-ss-preserve-size--slider n2-ss-slide-limiter\"><\/svg><div data-slide-duration=\"0\" data-id=\"17\" data-slide-public-id=\"1\" aria-hidden=\"true\" data-title=\"PW9A4909\" class=\"n2-ss-slide n2-ow  n2-ss-slide-17\"><div role=\"note\" class=\"n2-ss-slide--focus\" tabindex=\"-1\">PW9A4909<\/div><div class=\"n2-ss-layers-container n2-ss-slide-limiter n2-ow\"><div class=\"n2-ss-layer n2-ow n-uc-RRyIzqjEnzyE\" data-sstype=\"slide\" data-pm=\"default\"><\/div><\/div><\/div><div data-slide-duration=\"0\" data-id=\"18\" data-slide-public-id=\"2\" aria-hidden=\"true\" data-title=\"PW9A4868\" class=\"n2-ss-slide n2-ow  n2-ss-slide-18\"><div role=\"note\" class=\"n2-ss-slide--focus\" tabindex=\"-1\">PW9A4868<\/div><div class=\"n2-ss-layers-container n2-ss-slide-limiter n2-ow\"><div class=\"n2-ss-layer n2-ow n-uc-vYJhs01HMYuu\" data-sstype=\"slide\" data-pm=\"default\"><\/div><\/div><\/div><div data-first=\"1\" data-slide-duration=\"0\" data-id=\"19\" data-slide-public-id=\"3\" data-title=\"PW9A4796\" class=\"n2-ss-slide n2-ow  n2-ss-slide-19\"><div role=\"note\" class=\"n2-ss-slide--focus\" tabindex=\"-1\">PW9A4796<\/div><div class=\"n2-ss-layers-container n2-ss-slide-limiter n2-ow\"><div class=\"n2-ss-layer n2-ow n-uc-QxofiGdZHgjC\" data-sstype=\"slide\" data-pm=\"default\"><\/div><\/div><\/div><div data-slide-duration=\"0\" data-id=\"20\" data-slide-public-id=\"4\" aria-hidden=\"true\" data-title=\"PW9A4787\" class=\"n2-ss-slide n2-ow  n2-ss-slide-20\"><div role=\"note\" class=\"n2-ss-slide--focus\" tabindex=\"-1\">PW9A4787<\/div><div class=\"n2-ss-layers-container n2-ss-slide-limiter n2-ow\"><div class=\"n2-ss-layer n2-ow n-uc-l6X1kWCWzy5z\" data-sstype=\"slide\" data-pm=\"default\"><\/div><\/div><\/div><div data-slide-duration=\"0\" data-id=\"21\" data-slide-public-id=\"5\" aria-hidden=\"true\" data-title=\"PW9A4603\" class=\"n2-ss-slide n2-ow  n2-ss-slide-21\"><div role=\"note\" class=\"n2-ss-slide--focus\" tabindex=\"-1\">PW9A4603<\/div><div class=\"n2-ss-layers-container n2-ss-slide-limiter n2-ow\"><div class=\"n2-ss-layer n2-ow n-uc-ElOB3HNlQObW\" data-sstype=\"slide\" data-pm=\"default\"><\/div><\/div><\/div>                    <\/div>\n\n                                    <\/div>\n            <\/div>\n        <\/div>\n        <div class=\"n2-ss-slider-controls n2-ss-slider-controls-absolute-left-center\"><div style=\"--widget-offset:15px;\" class=\"n2-ss-widget nextend-arrow n2-ow-all nextend-arrow-previous  nextend-arrow-animated-fade\" data-hide-mobileportrait=\"1\" id=\"n2-ss-2-arrow-previous\" role=\"button\" aria-label=\"previous arrow\" tabindex=\"0\"><img loading=\"lazy\" decoding=\"async\" width=\"32\" height=\"32\" class=\"skip-lazy\" data-skip-lazy=\"1\" src=\"data:image\/svg+xml;base64,PHN2ZyB3aWR0aD0iMzIiIGhlaWdodD0iMzIiIHZpZXdCb3g9IjAgMCAzMiAzMiIgeG1sbnM9Imh0dHA6Ly93d3cudzMub3JnLzIwMDAvc3ZnIj4KICAgIDxwYXRoIGQ9Ik0xMS40MzMgMTUuOTkyTDIyLjY5IDUuNzEyYy4zOTMtLjM5LjM5My0xLjAzIDAtMS40Mi0uMzkzLS4zOS0xLjAzLS4zOS0xLjQyMyAwbC0xMS45OCAxMC45NGMtLjIxLjIxLS4zLjQ5LS4yODUuNzYtLjAxNS4yOC4wNzUuNTYuMjg0Ljc3bDExLjk4IDEwLjk0Yy4zOTMuMzkgMS4wMy4zOSAxLjQyNCAwIC4zOTMtLjQuMzkzLTEuMDMgMC0xLjQybC0xMS4yNTctMTAuMjkiCiAgICAgICAgICBmaWxsPSIjZWRkMGQwIiBvcGFjaXR5PSIwLjg5IiBmaWxsLXJ1bGU9ImV2ZW5vZGQiLz4KPC9zdmc+\" alt=\"previous arrow\"><\/div><\/div><div class=\"n2-ss-slider-controls n2-ss-slider-controls-absolute-right-center\"><div style=\"--widget-offset:15px;\" class=\"n2-ss-widget nextend-arrow n2-ow-all nextend-arrow-next  nextend-arrow-animated-fade\" data-hide-mobileportrait=\"1\" id=\"n2-ss-2-arrow-next\" role=\"button\" aria-label=\"next arrow\" tabindex=\"0\"><img loading=\"lazy\" decoding=\"async\" width=\"32\" height=\"32\" class=\"skip-lazy\" data-skip-lazy=\"1\" src=\"data:image\/svg+xml;base64,PHN2ZyB3aWR0aD0iMzIiIGhlaWdodD0iMzIiIHZpZXdCb3g9IjAgMCAzMiAzMiIgeG1sbnM9Imh0dHA6Ly93d3cudzMub3JnLzIwMDAvc3ZnIj4KICAgIDxwYXRoIGQ9Ik0xMC43MjIgNC4yOTNjLS4zOTQtLjM5LTEuMDMyLS4zOS0xLjQyNyAwLS4zOTMuMzktLjM5MyAxLjAzIDAgMS40MmwxMS4yODMgMTAuMjgtMTEuMjgzIDEwLjI5Yy0uMzkzLjM5LS4zOTMgMS4wMiAwIDEuNDIuMzk1LjM5IDEuMDMzLjM5IDEuNDI3IDBsMTIuMDA3LTEwLjk0Yy4yMS0uMjEuMy0uNDkuMjg0LS43Ny4wMTQtLjI3LS4wNzYtLjU1LS4yODYtLjc2TDEwLjcyIDQuMjkzeiIKICAgICAgICAgIGZpbGw9IiNlZGQwZDAiIG9wYWNpdHk9IjAuODkiIGZpbGwtcnVsZT0iZXZlbm9kZCIvPgo8L3N2Zz4=\" alt=\"next arrow\"><\/div><\/div><\/div><\/div><ss3-loader><\/ss3-loader><\/div><\/div><div class=\"n2_clear\"><\/div><\/div><\/ss3-force-full-width><\/div><\/div>\n\n\n\n<p><\/p>\n","protected":false},"excerpt":{"rendered":"<p>Datum P\u00e1tek 3. \u010dervence 2026 M\u00edsto Cel\u00fd svatebn\u00ed den v\u010detn\u011b ob\u0159adua hostiny prob\u011bhne v are\u00e1lu Na Km\u00edn\u011bv obci Ob\u0159\u00edstv\u00ed. Program [&hellip;]<\/p>\n","protected":false},"author":1,"featured_media":0,"parent":0,"menu_order":0,"comment_status":"closed","ping_status":"closed","template":"","meta":{"_eb_attr":"","site-sidebar-layout":"no-sidebar","site-content-layout":"plain-container","ast-site-content-layout":"default","site-content-style":"default","site-sidebar-style":"default","ast-global-header-display":"disabled","ast-banner-title-visibility":"disabled","ast-main-header-display":"","ast-hfb-above-header-display":"","ast-hfb-below-header-display":"","ast-hfb-mobile-header-display":"","site-post-title":"disabled","ast-breadcrumbs-content":"","ast-featured-img":"","footer-sml-layout":"disabled","ast-disable-related-posts":"","theme-transparent-header-meta":"enabled","adv-header-id-meta":"","stick-header-meta":"","header-above-stick-meta":"","header-main-stick-meta":"","header-below-stick-meta":"","astra-migrate-meta-layouts":"default","ast-page-background-enabled":"default","ast-page-background-meta":{"desktop":{"background-color":"var(--ast-global-color-5)","background-image":"","background-repeat":"repeat","background-position":"center center","background-size":"auto","background-attachment":"scroll","background-type":"","background-media":"","overlay-type":"","overlay-color":"","overlay-opacity":"","overlay-gradient":""},"tablet":{"background-color":"","background-image":"","background-repeat":"repeat","background-position":"center center","background-size":"auto","background-attachment":"scroll","background-type":"","background-media":"","overlay-type":"","overlay-color":"","overlay-opacity":"","overlay-gradient":""},"mobile":{"background-color":"","background-image":"","background-repeat":"repeat","background-position":"center center","background-size":"auto","background-attachment":"scroll","background-type":"","background-media":"","overlay-type":"","overlay-color":"","overlay-opacity":"","overlay-gradient":""}},"ast-content-background-meta":{"desktop":{"background-color":"var(--ast-global-color-4)","background-image":"","background-repeat":"repeat","background-position":"center center","background-size":"auto","background-attachment":"scroll","background-type":"","background-media":"","overlay-type":"","overlay-color":"","overlay-opacity":"","overlay-gradient":""},"tablet":{"background-color":"var(--ast-global-color-4)","background-image":"","background-repeat":"repeat","background-position":"center center","background-size":"auto","background-attachment":"scroll","background-type":"","background-media":"","overlay-type":"","overlay-color":"","overlay-opacity":"","overlay-gradient":""},"mobile":{"background-color":"var(--ast-global-color-4)","background-image":"","background-repeat":"repeat","background-position":"center center","background-size":"auto","background-attachment":"scroll","background-type":"","background-media":"","overlay-type":"","overlay-color":"","overlay-opacity":"","overlay-gradient":""}},"footnotes":""},"class_list":["post-28","page","type-page","status-publish","hentry"],"_links":{"self":[{"href":"https:\/\/www.sobotkovi2026.cz\/index.php?rest_route=\/wp\/v2\/pages\/28","targetHints":{"allow":["GET"]}}],"collection":[{"href":"https:\/\/www.sobotkovi2026.cz\/index.php?rest_route=\/wp\/v2\/pages"}],"about":[{"href":"https:\/\/www.sobotkovi2026.cz\/index.php?rest_route=\/wp\/v2\/types\/page"}],"author":[{"embeddable":true,"href":"https:\/\/www.sobotkovi2026.cz\/index.php?rest_route=\/wp\/v2\/users\/1"}],"replies":[{"embeddable":true,"href":"https:\/\/www.sobotkovi2026.cz\/index.php?rest_route=%2Fwp%2Fv2%2Fcomments&post=28"}],"version-history":[{"count":53,"href":"https:\/\/www.sobotkovi2026.cz\/index.php?rest_route=\/wp\/v2\/pages\/28\/revisions"}],"predecessor-version":[{"id":158,"href":"https:\/\/www.sobotkovi2026.cz\/index.php?rest_route=\/wp\/v2\/pages\/28\/revisions\/158"}],"wp:attachment":[{"href":"https:\/\/www.sobotkovi2026.cz\/index.php?rest_route=%2Fwp%2Fv2%2Fmedia&parent=28"}],"curies":[{"name":"wp","href":"https:\/\/api.w.org\/{rel}","templated":true}]}}